{"id":4051,"date":"2020-11-23T13:08:34","date_gmt":"2020-11-23T10:08:34","guid":{"rendered":"https:\/\/esen.com\/kurumsal\/hakkimizda\/"},"modified":"2021-03-16T15:56:22","modified_gmt":"2021-03-16T12:56:22","slug":"about-us","status":"publish","type":"page","link":"https:\/\/esen.com\/en\/corporate\/about-us\/","title":{"rendered":"About Us"},"content":{"rendered":"<p>[vc_row][vc_column offset=&#8221;vc_col-md-6&#8243;][vc_single_image image=&#8221;3763&#8243; img_size=&#8221;full&#8221; alignment=&#8221;center&#8221;]<div class=\"ult-spacer spacer-69d4db00d5050\" data-id=\"69d4db00d5050\" data-height=\"0\" data-height-mobile=\"50\" data-height-tab=\"50\" data-height-tab-portrait=\"50\" data-height-mobile-landscape=\"50\" style=\"clear:both;display:block;\"><\/div>[\/vc_column][vc_column offset=&#8221;vc_col-md-6&#8243;][vc_column_text]Esen has been established in 1976 to manufacture plastic pipes and fittings.<\/p>\n<p>Esen continues its production and all other activities in its 130,000 m\u00b2 facilities in \u0130zmir Atat\u00fcrk Organized Industrial Zone and Adana Hac\u0131 Sabanc\u0131 Organized Industrial Zone Esen continues to be a pioneer in the market by adding advanced production technologies and market demands to its existing product range.<\/p>\n<p>By investing in developing production technologies; Esen serves 200,000 tons of capacity in production plants, generates 600 employees, with its engineers and employees. Esen has employed 20,000 people in Turkey.[\/vc_column_text][\/vc_column][\/vc_row][vc_row][vc_column]<div class=\"standard-arrow list-divider bullet-top\"><h2>Products offered by Esen are listed below<\/h2>\n<ul>\n<li>GRP Pipes for Infrastructure<\/li>\n<li>HDPE Corrugated Sewage Pipes and Fittings,<\/li>\n<li>PE 100 Water Network Pipes<\/li>\n<li>PE 32 Water Network Pipes<\/li>\n<li>PE 80 Natural Gas Pipes<\/li>\n<li>HDPE Telecommunication Data Pipes<\/li>\n<li>HDPE Microduct Fiberoptic Casing Tubes<\/li>\n<li>PVC Potable Water Pipe<\/li>\n<li>PVC Drainage Pipe<\/li>\n<\/ul>\n<\/div><div class=\"gap\" style=\"line-height: 15px; height: 15px;\"><\/div><div id=\"ultimate-video-843869d4db00d520e\" class=\"ult-video  vc_custom_1613981064399 ult-adjust-bottom-margin ultimate-video-843869d4db00d520e ultv-7512 \"><div class=\"ultv-video ultv-aspect-ratio-16_9 ultv-subscribe-responsive-none\" data-videotype=\"uv_iframe\">\n\t\t\t\t\t\t<div class=\"ultv-video__outer-wrap\" data-autoplay=\"1\" data-device=\"false\"  data-iconbg=\"#3A3A3A\" data-overcolor=\"\" data-defaultbg=\"#1f1f1e\" data-defaultplay=\"defaulticon\"><div class=\"ultv-video__play\" data-src=\"https:\/\/www.youtube.com\/embed\/RgM0-vV24zY?autoplay=1&amp;rel=0&amp;start&amp;end&amp;controls=1&amp;mute=0&amp;modestbranding=1&amp;autoplay=1\">\n\t\t\t\t\t\t\t\t<img decoding=\"async\" class=\"ultv-video__thumb\" src=\"https:\/\/i.ytimg.com\/vi\/RgM0-vV24zY\/maxresdefault.jpg\"\/>\n\t\t\t\t\t\t\t\t<div class=\"ultv-video__play-icon  ultv-animation-none\" style=\"width:75px\"><svg height=\"100%\" version=\"1.1\" viewBox=\"0 0 68 48\" width=\"100%\"><path class=\"ultv-youtube-icon-bg\" d=\"m .66,37.62 c 0,0 .66,4.70 2.70,6.77 2.58,2.71 5.98,2.63 7.49,2.91 5.43,.52 23.10,.68 23.12,.68 .00,-1.3e-5 14.29,-0.02 23.81,-0.71 1.32,-0.15 4.22,-0.17 6.81,-2.89 2.03,-2.07 2.70,-6.77 2.70,-6.77 0,0 .67,-5.52 .67,-11.04 l 0,-5.17 c 0,-5.52 -0.67,-11.04 -0.67,-11.04 0,0 -0.66,-4.70 -2.70,-6.77 C 62.03,.86 59.13,.84 57.80,.69 48.28,0 34.00,0 34.00,0 33.97,0 19.69,0 10.18,.69 8.85,.84 5.95,.86 3.36,3.58 1.32,5.65 .66,10.35 .66,10.35 c 0,0 -0.55,4.50 -0.66,9.45 l 0,8.36 c .10,4.94 .66,9.45 .66,9.45 z\" fill=\"#1f1f1e\" ><\/path><path d=\"m 26.96,13.67 18.37,9.62 -18.37,9.55 -0.00,-19.17 z\" fill=\"#fff\"><\/path><path d=\"M 45.02,23.46 45.32,23.28 26.96,13.67 43.32,22.34 45.02,23.46 z\" fill=\"#ccc\"><\/path><\/svg><\/div> <\/div> <\/div><\/div><\/div>[\/vc_column][\/vc_row]<\/p>\n","protected":false},"excerpt":{"rendered":"<p>[vc_row][vc_column offset=&#8221;vc_col-md-6&#8243;][vc_single_image image=&#8221;3763&#8243; img_size=&#8221;full&#8221; alignment=&#8221;center&#8221;][\/vc_column][vc_column offset=&#8221;vc_col-md-6&#8243;][vc_column_text]Esen has been established in 1976 to manufacture plastic pipes and fittings. Esen continues its production and all other activities in its 130,000 m\u00b2 facilities in \u0130zmir Atat\u00fcrk Organized Industrial Zone and Adana Hac\u0131 Sabanc\u0131 Organized Industrial Zone Esen continues to be a pioneer in the market by adding advanced&hellip;<\/p>\n","protected":false},"author":1,"featured_media":5760,"parent":4039,"menu_order":0,"comment_status":"closed","ping_status":"closed","template":"","meta":{"footnotes":""},"class_list":["post-4051","page","type-page","status-publish","has-post-thumbnail","hentry","description-off"],"yoast_head":"<!-- This site is optimized with the Yoast SEO plugin v27.3 - https:\/\/yoast.com\/product\/yoast-seo-wordpress\/ -->\n<title>About Us - esen.com<\/title>\n<meta name=\"description\" content=\"Esen aims to be a leader in the international market by offering more than 2000 products to the world in the infrastructure pipe sector.\" \/>\n<meta name=\"robots\" content=\"index, follow, max-snippet:-1, max-image-preview:large, max-video-preview:-1\" \/>\n<link rel=\"canonical\" href=\"https:\/\/esen.com\/en\/corporate\/about-us\/\" \/>\n<meta property=\"og:locale\" content=\"en_US\" \/>\n<meta property=\"og:type\" content=\"article\" \/>\n<meta property=\"og:title\" content=\"About Us - esen.com\" \/>\n<meta property=\"og:description\" content=\"Esen aims to be a leader in the international market by offering more than 2000 products to the world in the infrastructure pipe sector.\" \/>\n<meta property=\"og:url\" content=\"https:\/\/esen.com\/en\/corporate\/about-us\/\" \/>\n<meta property=\"og:site_name\" content=\"esen.com\" \/>\n<meta property=\"article:modified_time\" content=\"2021-03-16T12:56:22+00:00\" \/>\n<meta property=\"og:image\" content=\"https:\/\/esen.com\/wp-content\/uploads\/2020\/12\/esen-cigli.jpg\" \/>\n\t<meta property=\"og:image:width\" content=\"1596\" \/>\n\t<meta property=\"og:image:height\" content=\"1080\" \/>\n\t<meta property=\"og:image:type\" content=\"image\/jpeg\" \/>\n<meta name=\"twitter:card\" content=\"summary_large_image\" \/>\n<meta name=\"twitter:site\" content=\"@esenplast\" \/>\n<meta name=\"twitter:label1\" content=\"Est. reading time\" \/>\n\t<meta name=\"twitter:data1\" content=\"1 minute\" \/>\n<script type=\"application\/ld+json\" class=\"yoast-schema-graph\">{\"@context\":\"https:\\\/\\\/schema.org\",\"@graph\":[{\"@type\":\"WebPage\",\"@id\":\"https:\\\/\\\/esen.com\\\/en\\\/corporate\\\/about-us\\\/\",\"url\":\"https:\\\/\\\/esen.com\\\/en\\\/corporate\\\/about-us\\\/\",\"name\":\"About Us - esen.com\",\"isPartOf\":{\"@id\":\"https:\\\/\\\/esen.com\\\/#website\"},\"primaryImageOfPage\":{\"@id\":\"https:\\\/\\\/esen.com\\\/en\\\/corporate\\\/about-us\\\/#primaryimage\"},\"image\":{\"@id\":\"https:\\\/\\\/esen.com\\\/en\\\/corporate\\\/about-us\\\/#primaryimage\"},\"thumbnailUrl\":\"https:\\\/\\\/esen.com\\\/wp-content\\\/uploads\\\/2025\\\/05\\\/factory-ges4.jpg\",\"datePublished\":\"2020-11-23T10:08:34+00:00\",\"dateModified\":\"2021-03-16T12:56:22+00:00\",\"description\":\"Esen aims to be a leader in the international market by offering more than 2000 products to the world in the infrastructure pipe sector.\",\"breadcrumb\":{\"@id\":\"https:\\\/\\\/esen.com\\\/en\\\/corporate\\\/about-us\\\/#breadcrumb\"},\"inLanguage\":\"en-US\",\"potentialAction\":[{\"@type\":\"ReadAction\",\"target\":[\"https:\\\/\\\/esen.com\\\/en\\\/corporate\\\/about-us\\\/\"]}]},{\"@type\":\"ImageObject\",\"inLanguage\":\"en-US\",\"@id\":\"https:\\\/\\\/esen.com\\\/en\\\/corporate\\\/about-us\\\/#primaryimage\",\"url\":\"https:\\\/\\\/esen.com\\\/wp-content\\\/uploads\\\/2025\\\/05\\\/factory-ges4.jpg\",\"contentUrl\":\"https:\\\/\\\/esen.com\\\/wp-content\\\/uploads\\\/2025\\\/05\\\/factory-ges4.jpg\",\"width\":1920,\"height\":1080},{\"@type\":\"BreadcrumbList\",\"@id\":\"https:\\\/\\\/esen.com\\\/en\\\/corporate\\\/about-us\\\/#breadcrumb\",\"itemListElement\":[{\"@type\":\"ListItem\",\"position\":1,\"name\":\"Anasayfa\",\"item\":\"https:\\\/\\\/esen.com\\\/en\\\/\"},{\"@type\":\"ListItem\",\"position\":2,\"name\":\"Corporate\",\"item\":\"https:\\\/\\\/esen.com\\\/en\\\/corporate\\\/\"},{\"@type\":\"ListItem\",\"position\":3,\"name\":\"About Us\"}]},{\"@type\":\"WebSite\",\"@id\":\"https:\\\/\\\/esen.com\\\/#website\",\"url\":\"https:\\\/\\\/esen.com\\\/\",\"name\":\"Esen Plastik\",\"description\":\"\",\"publisher\":{\"@id\":\"https:\\\/\\\/esen.com\\\/#organization\"},\"potentialAction\":[{\"@type\":\"SearchAction\",\"target\":{\"@type\":\"EntryPoint\",\"urlTemplate\":\"https:\\\/\\\/esen.com\\\/?s={search_term_string}\"},\"query-input\":{\"@type\":\"PropertyValueSpecification\",\"valueRequired\":true,\"valueName\":\"search_term_string\"}}],\"inLanguage\":\"en-US\"},{\"@type\":\"Organization\",\"@id\":\"https:\\\/\\\/esen.com\\\/#organization\",\"name\":\"Esen Plastic Industries\",\"url\":\"https:\\\/\\\/esen.com\\\/\",\"logo\":{\"@type\":\"ImageObject\",\"inLanguage\":\"en-US\",\"@id\":\"https:\\\/\\\/esen.com\\\/#\\\/schema\\\/logo\\\/image\\\/\",\"url\":\"https:\\\/\\\/esen.com\\\/wp-content\\\/uploads\\\/2020\\\/11\\\/logo-2x.png\",\"contentUrl\":\"https:\\\/\\\/esen.com\\\/wp-content\\\/uploads\\\/2020\\\/11\\\/logo-2x.png\",\"width\":620,\"height\":152,\"caption\":\"Esen Plastic Industries\"},\"image\":{\"@id\":\"https:\\\/\\\/esen.com\\\/#\\\/schema\\\/logo\\\/image\\\/\"},\"sameAs\":[\"https:\\\/\\\/x.com\\\/esenplast\",\"https:\\\/\\\/www.linkedin.com\\\/company\\\/esenplast\",\"https:\\\/\\\/www.youtube.com\\\/channel\\\/UCJA3Owyj78Gj4KVpyhGlKBg\"]}]}<\/script>\n<!-- \/ Yoast SEO plugin. -->","yoast_head_json":{"title":"About Us - esen.com","description":"Esen aims to be a leader in the international market by offering more than 2000 products to the world in the infrastructure pipe sector.","robots":{"index":"index","follow":"follow","max-snippet":"max-snippet:-1","max-image-preview":"max-image-preview:large","max-video-preview":"max-video-preview:-1"},"canonical":"https:\/\/esen.com\/en\/corporate\/about-us\/","og_locale":"en_US","og_type":"article","og_title":"About Us - esen.com","og_description":"Esen aims to be a leader in the international market by offering more than 2000 products to the world in the infrastructure pipe sector.","og_url":"https:\/\/esen.com\/en\/corporate\/about-us\/","og_site_name":"esen.com","article_modified_time":"2021-03-16T12:56:22+00:00","og_image":[{"width":1596,"height":1080,"url":"https:\/\/esen.com\/wp-content\/uploads\/2020\/12\/esen-cigli.jpg","type":"image\/jpeg"}],"twitter_card":"summary_large_image","twitter_site":"@esenplast","twitter_misc":{"Est. reading time":"1 minute"},"schema":{"@context":"https:\/\/schema.org","@graph":[{"@type":"WebPage","@id":"https:\/\/esen.com\/en\/corporate\/about-us\/","url":"https:\/\/esen.com\/en\/corporate\/about-us\/","name":"About Us - esen.com","isPartOf":{"@id":"https:\/\/esen.com\/#website"},"primaryImageOfPage":{"@id":"https:\/\/esen.com\/en\/corporate\/about-us\/#primaryimage"},"image":{"@id":"https:\/\/esen.com\/en\/corporate\/about-us\/#primaryimage"},"thumbnailUrl":"https:\/\/esen.com\/wp-content\/uploads\/2025\/05\/factory-ges4.jpg","datePublished":"2020-11-23T10:08:34+00:00","dateModified":"2021-03-16T12:56:22+00:00","description":"Esen aims to be a leader in the international market by offering more than 2000 products to the world in the infrastructure pipe sector.","breadcrumb":{"@id":"https:\/\/esen.com\/en\/corporate\/about-us\/#breadcrumb"},"inLanguage":"en-US","potentialAction":[{"@type":"ReadAction","target":["https:\/\/esen.com\/en\/corporate\/about-us\/"]}]},{"@type":"ImageObject","inLanguage":"en-US","@id":"https:\/\/esen.com\/en\/corporate\/about-us\/#primaryimage","url":"https:\/\/esen.com\/wp-content\/uploads\/2025\/05\/factory-ges4.jpg","contentUrl":"https:\/\/esen.com\/wp-content\/uploads\/2025\/05\/factory-ges4.jpg","width":1920,"height":1080},{"@type":"BreadcrumbList","@id":"https:\/\/esen.com\/en\/corporate\/about-us\/#breadcrumb","itemListElement":[{"@type":"ListItem","position":1,"name":"Anasayfa","item":"https:\/\/esen.com\/en\/"},{"@type":"ListItem","position":2,"name":"Corporate","item":"https:\/\/esen.com\/en\/corporate\/"},{"@type":"ListItem","position":3,"name":"About Us"}]},{"@type":"WebSite","@id":"https:\/\/esen.com\/#website","url":"https:\/\/esen.com\/","name":"Esen Plastik","description":"","publisher":{"@id":"https:\/\/esen.com\/#organization"},"potentialAction":[{"@type":"SearchAction","target":{"@type":"EntryPoint","urlTemplate":"https:\/\/esen.com\/?s={search_term_string}"},"query-input":{"@type":"PropertyValueSpecification","valueRequired":true,"valueName":"search_term_string"}}],"inLanguage":"en-US"},{"@type":"Organization","@id":"https:\/\/esen.com\/#organization","name":"Esen Plastic Industries","url":"https:\/\/esen.com\/","logo":{"@type":"ImageObject","inLanguage":"en-US","@id":"https:\/\/esen.com\/#\/schema\/logo\/image\/","url":"https:\/\/esen.com\/wp-content\/uploads\/2020\/11\/logo-2x.png","contentUrl":"https:\/\/esen.com\/wp-content\/uploads\/2020\/11\/logo-2x.png","width":620,"height":152,"caption":"Esen Plastic Industries"},"image":{"@id":"https:\/\/esen.com\/#\/schema\/logo\/image\/"},"sameAs":["https:\/\/x.com\/esenplast","https:\/\/www.linkedin.com\/company\/esenplast","https:\/\/www.youtube.com\/channel\/UCJA3Owyj78Gj4KVpyhGlKBg"]}]}},"_links":{"self":[{"href":"https:\/\/esen.com\/en\/wp-json\/wp\/v2\/pages\/4051","targetHints":{"allow":["GET"]}}],"collection":[{"href":"https:\/\/esen.com\/en\/wp-json\/wp\/v2\/pages"}],"about":[{"href":"https:\/\/esen.com\/en\/wp-json\/wp\/v2\/types\/page"}],"author":[{"embeddable":true,"href":"https:\/\/esen.com\/en\/wp-json\/wp\/v2\/users\/1"}],"replies":[{"embeddable":true,"href":"https:\/\/esen.com\/en\/wp-json\/wp\/v2\/comments?post=4051"}],"version-history":[{"count":5,"href":"https:\/\/esen.com\/en\/wp-json\/wp\/v2\/pages\/4051\/revisions"}],"predecessor-version":[{"id":4262,"href":"https:\/\/esen.com\/en\/wp-json\/wp\/v2\/pages\/4051\/revisions\/4262"}],"up":[{"embeddable":true,"href":"https:\/\/esen.com\/en\/wp-json\/wp\/v2\/pages\/4039"}],"wp:featuredmedia":[{"embeddable":true,"href":"https:\/\/esen.com\/en\/wp-json\/wp\/v2\/media\/5760"}],"wp:attachment":[{"href":"https:\/\/esen.com\/en\/wp-json\/wp\/v2\/media?parent=4051"}],"curies":[{"name":"wp","href":"https:\/\/api.w.org\/{rel}","templated":true}]}}